{"id":543,"date":"2026-02-23T09:12:50","date_gmt":"2026-02-23T08:12:50","guid":{"rendered":"https:\/\/koerper-psychotherapie.ch\/?page_id=543"},"modified":"2026-04-11T08:20:41","modified_gmt":"2026-04-11T06:20:41","slug":"koerper-psychotherapie","status":"publish","type":"page","link":"https:\/\/koerper-psychotherapie.ch\/","title":{"rendered":"Koerper-Psychotherapie"},"content":{"rendered":"\n<blockquote class=\"wp-block-quote is-layout-flow wp-block-quote-is-layout-flow\">\n<p><strong>Sei du selbst die Ver\u00e4nderung, die du dir w\u00fcnschst f\u00fcr die Welt.<\/strong><\/p>\n\n\n\n<p class=\"has-small-font-size\">Mahatma Gandhi<\/p>\n<\/blockquote>\n\n\n\n\n\n\n\n<p>Meine Praxis an der\u00a0L\u00f6wenstrasse 6 in Luzern\u00a0ist seit dem 31. M\u00e4rz 2026 geschlossen.<\/p>\n\n\n\n<p>Ich arbeite nicht mehr psychotherapeutisch, und richte mich neu aus.<\/p>\n\n\n\n<p>Herzlichen Dank allen Klientinnen und Klienten f\u00fcr das mir entgegengebrachte Vertrauen und die wertvollen Prozesse.<\/p>\n\n\n\n<h2 class=\"wp-block-heading\">Kontakt<\/h2>\n\n\n\n<p>Nicole Tr\u00f6ndle<\/p>\n\n\n\n<p>info(at)<a href=\"http:\/\/koerper-psychotherapie.ch\/\" class=\"\">koerper-psychotherapie.ch<\/a><\/p>\n\n\n\n\n","protected":false},"excerpt":{"rendered":"<p>Sei du selbst die Ver\u00e4nderung, die du dir w\u00fcnschst f\u00fcr die Welt. Mahatma Gandhi Meine Praxis an der\u00a0L\u00f6wenstrasse 6 in Luzern\u00a0ist seit dem 31. M\u00e4rz 2026 geschlossen. Ich arbeite nicht mehr psychotherapeutisch, und richte mich neu aus. Herzlichen Dank allen Klientinnen und Klienten f\u00fcr das mir entgegengebrachte Vertrauen und die wertvollen Prozesse. Kontakt Nicole Tr\u00f6ndle&hellip; <a class=\"read-more\" href=\"https:\/\/koerper-psychotherapie.ch\/\">Read More<\/a><\/p>\n","protected":false},"author":1,"featured_media":0,"parent":0,"menu_order":0,"comment_status":"closed","ping_status":"closed","template":"page-nosidebar.php","meta":{"footnotes":""},"class_list":["post-543","page","type-page","status-publish","hentry"],"jetpack_sharing_enabled":true,"_links":{"self":[{"href":"https:\/\/koerper-psychotherapie.ch\/index.php\/wp-json\/wp\/v2\/pages\/543","targetHints":{"allow":["GET"]}}],"collection":[{"href":"https:\/\/koerper-psychotherapie.ch\/index.php\/wp-json\/wp\/v2\/pages"}],"about":[{"href":"https:\/\/koerper-psychotherapie.ch\/index.php\/wp-json\/wp\/v2\/types\/page"}],"author":[{"embeddable":true,"href":"https:\/\/koerper-psychotherapie.ch\/index.php\/wp-json\/wp\/v2\/users\/1"}],"replies":[{"embeddable":true,"href":"https:\/\/koerper-psychotherapie.ch\/index.php\/wp-json\/wp\/v2\/comments?post=543"}],"version-history":[{"count":9,"href":"https:\/\/koerper-psychotherapie.ch\/index.php\/wp-json\/wp\/v2\/pages\/543\/revisions"}],"predecessor-version":[{"id":565,"href":"https:\/\/koerper-psychotherapie.ch\/index.php\/wp-json\/wp\/v2\/pages\/543\/revisions\/565"}],"wp:attachment":[{"href":"https:\/\/koerper-psychotherapie.ch\/index.php\/wp-json\/wp\/v2\/media?parent=543"}],"curies":[{"name":"wp","href":"https:\/\/api.w.org\/{rel}","templated":true}]}}